{"id":17,"date":"2012-06-17T11:01:13","date_gmt":"2012-06-17T08:01:13","guid":{"rendered":"http:\/\/www.havero.info\/f\/?page_id=17"},"modified":"2025-08-01T10:17:11","modified_gmt":"2025-08-01T07:17:11","slug":"ohjeet","status":"publish","type":"page","link":"http:\/\/www.havero.info\/f\/se\/ohjeet","title":{"rendered":"Information"},"content":{"rendered":"<p>F\u00e4rjan \u00e4r i privatbruk.<br \/>\nF\u00e4rjan \u00e4r avgiftsfri f\u00f6r v\u00e4glagets medlemmar, deras g\u00e4ster, service- och varuleverant\u00f6rer.<br \/>\nF\u00f6r \u00f6vriga \u00e4r f\u00e4rjan avgiftsbelagd. Avgiften t\u00e4cker tur-returresa.<\/p>\n<p>Bil 35 \u20ac<br \/>\nFotg\u00e4ngare\u00a0 3,50 \u20ac<br \/>\nFotg\u00e4ngare till best\u00e4lld tur 17 \u20ac<\/p>\n<p>Av f\u00e4rjf\u00f6raren erh\u00e5lles inbetalningskort f\u00f6r att avl\u00e4gga betalningen.<\/p>\n<p><strong>F\u00e4rjan best\u00e4lls alltid genom att ringa eller skicka ett textmeddelande senast 15 minuter f\u00f6re avg\u00e5ng.<\/strong><br \/>\n<strong> M\/S Haver\u00f6 &#8211; GSM 0400 53 79 44<\/strong><\/p>\n","protected":false},"excerpt":{"rendered":"<p>F\u00e4rjan \u00e4r i privatbruk. F\u00e4rjan \u00e4r avgiftsfri f\u00f6r v\u00e4glagets medlemmar, deras g\u00e4ster, service- och varuleverant\u00f6rer. F\u00f6r \u00f6vriga \u00e4r f\u00e4rjan avgiftsbelagd. Avgiften t\u00e4cker tur-returresa. Bil 35 \u20ac Fotg\u00e4ngare\u00a0 3,50 \u20ac Fotg\u00e4ngare till best\u00e4lld tur 17 \u20ac Av f\u00e4rjf\u00f6raren erh\u00e5lles inbetalningskort f\u00f6r &hellip; <a href=\"http:\/\/www.havero.info\/f\/se\/ohjeet\">Forts\u00e4tt l\u00e4sa <span class=\"meta-nav\">&rarr;<\/span><\/a><\/p>\n","protected":false},"author":1,"featured_media":0,"parent":0,"menu_order":1,"comment_status":"closed","ping_status":"closed","template":"","meta":{"footnotes":""},"class_list":["post-17","page","type-page","status-publish","hentry"],"_links":{"self":[{"href":"http:\/\/www.havero.info\/f\/se\/wp-json\/wp\/v2\/pages\/17","targetHints":{"allow":["GET"]}}],"collection":[{"href":"http:\/\/www.havero.info\/f\/se\/wp-json\/wp\/v2\/pages"}],"about":[{"href":"http:\/\/www.havero.info\/f\/se\/wp-json\/wp\/v2\/types\/page"}],"author":[{"embeddable":true,"href":"http:\/\/www.havero.info\/f\/se\/wp-json\/wp\/v2\/users\/1"}],"replies":[{"embeddable":true,"href":"http:\/\/www.havero.info\/f\/se\/wp-json\/wp\/v2\/comments?post=17"}],"version-history":[{"count":6,"href":"http:\/\/www.havero.info\/f\/se\/wp-json\/wp\/v2\/pages\/17\/revisions"}],"predecessor-version":[{"id":183,"href":"http:\/\/www.havero.info\/f\/se\/wp-json\/wp\/v2\/pages\/17\/revisions\/183"}],"wp:attachment":[{"href":"http:\/\/www.havero.info\/f\/se\/wp-json\/wp\/v2\/media?parent=17"}],"curies":[{"name":"wp","href":"https:\/\/api.w.org\/{rel}","templated":true}]}}