{"id":12,"date":"2012-06-17T08:00:59","date_gmt":"2012-06-17T05:00:59","guid":{"rendered":"http:\/\/www.havero.info\/s\/?page_id=12"},"modified":"2025-07-31T16:00:32","modified_gmt":"2025-07-31T13:00:32","slug":"kontakt","status":"publish","type":"page","link":"http:\/\/www.havero.info\/s\/kontakt","title":{"rendered":"Kontakt"},"content":{"rendered":"<p><strong>Bestyrelsen<\/strong><\/p>\n<p><span style=\"font-size: 16px;\">Mikko Pajula, ordf\u00f6rande<\/span><br \/>\n<span style=\"font-size: 16px;\">0400 825842<\/span><br \/>\n<span style=\"font-size: 16px;\">mikko.pajula@gmail.com<\/span><\/p>\n<p>Sten Andersson<br \/>\n0400 821 652<br \/>\nsten.andersson@pp1.inet.com<\/p>\n<p><span style=\"font-size: 16px;\">Olli Virta<\/span><br style=\"font-size: 16px;\" \/><span style=\"font-size: 16px;\"> 040 77 71 488<\/span><br style=\"font-size: 16px;\" \/><span style=\"font-size: 16px;\"> olli.t.virta@gmail.com<\/span><\/p>\n<p><span data-olk-copy-source=\"MessageBody\">Kim Johansson<br \/>\n<\/span>joerkka6@gmail.com<\/p>\n<p><strong>Suppleanter<\/strong><\/p>\n<p>Marina Andersson<br \/>\n045 63 60 338<br \/>\nmainan672004@yahoo.se<\/p>\n<p>Nina Johansson<\/p>\n<p><strong><br \/>\nPostadress<\/strong>:<\/p>\n<p>Haver\u00f6 V\u00e4glag<br \/>\nF\u00e4rjstranden<br \/>\n21660 Nagu<\/p>\n","protected":false},"excerpt":{"rendered":"<p>Bestyrelsen Mikko Pajula, ordf\u00f6rande 0400 825842 mikko.pajula@gmail.com Sten Andersson 0400 821 652 sten.andersson@pp1.inet.com Olli Virta 040 77 71 488 olli.t.virta@gmail.com Kim Johansson joerkka6@gmail.com Suppleanter Marina Andersson 045 63 60 338 mainan672004@yahoo.se Nina Johansson Postadress: Haver\u00f6 V\u00e4glag F\u00e4rjstranden 21660 Nagu<\/p>\n","protected":false},"author":1,"featured_media":0,"parent":0,"menu_order":2,"comment_status":"closed","ping_status":"closed","template":"","meta":{"footnotes":""},"class_list":["post-12","page","type-page","status-publish","hentry"],"_links":{"self":[{"href":"http:\/\/www.havero.info\/s\/wp-json\/wp\/v2\/pages\/12","targetHints":{"allow":["GET"]}}],"collection":[{"href":"http:\/\/www.havero.info\/s\/wp-json\/wp\/v2\/pages"}],"about":[{"href":"http:\/\/www.havero.info\/s\/wp-json\/wp\/v2\/types\/page"}],"author":[{"embeddable":true,"href":"http:\/\/www.havero.info\/s\/wp-json\/wp\/v2\/users\/1"}],"replies":[{"embeddable":true,"href":"http:\/\/www.havero.info\/s\/wp-json\/wp\/v2\/comments?post=12"}],"version-history":[{"count":16,"href":"http:\/\/www.havero.info\/s\/wp-json\/wp\/v2\/pages\/12\/revisions"}],"predecessor-version":[{"id":385,"href":"http:\/\/www.havero.info\/s\/wp-json\/wp\/v2\/pages\/12\/revisions\/385"}],"wp:attachment":[{"href":"http:\/\/www.havero.info\/s\/wp-json\/wp\/v2\/media?parent=12"}],"curies":[{"name":"wp","href":"https:\/\/api.w.org\/{rel}","templated":true}]}}