{"id":17,"date":"2012-06-17T11:01:13","date_gmt":"2012-06-17T08:01:13","guid":{"rendered":"http:\/\/www.havero.info\/f\/?page_id=17"},"modified":"2025-08-01T10:17:11","modified_gmt":"2025-08-01T07:17:11","slug":"ohjeet","status":"publish","type":"page","link":"https:\/\/www.havero.info\/f\/ohjeet","title":{"rendered":"Ohjeet"},"content":{"rendered":"<p>Lossi on yksitysk\u00e4yt\u00f6ss\u00e4.<br \/>\nLossi on maksullinen muille kuin tiekunnan j\u00e4senille, heid\u00e4n vieraille ja heid\u00e4n tavara- ja palveluksien toimittajille.\u00a0Maksu kattaa meno-paluu matkan.<\/p>\n<p>Auto 35\u20ac<br \/>\nJalankulkija 3,50\u20ac<br \/>\nJalankulkija tilattun vuoroon 17\u20ac<\/p>\n<p>Lossinkuljettajalta saa tilillepanokortin maksun suorittamista varten.<\/p>\n<p><strong>Huomio!<\/strong><br \/>\n<strong>Lautta tilataan aina, soita (tai tekstiviesti) viimeist\u00e4\u00e4n 15 minuutia ennen numero:<br \/>\n0400 53 79 44.<\/strong><\/p>\n","protected":false},"excerpt":{"rendered":"<p>Lossi on yksitysk\u00e4yt\u00f6ss\u00e4. Lossi on maksullinen muille kuin tiekunnan j\u00e4senille, heid\u00e4n vieraille ja heid\u00e4n tavara- ja palveluksien toimittajille.\u00a0Maksu kattaa meno-paluu matkan. Auto 35\u20ac Jalankulkija 3,50\u20ac Jalankulkija tilattun vuoroon 17\u20ac Lossinkuljettajalta saa tilillepanokortin maksun suorittamista varten. Huomio! Lautta tilataan aina, soita &hellip; <a href=\"https:\/\/www.havero.info\/f\/ohjeet\">Lue loppuun <span class=\"meta-nav\">&rarr;<\/span><\/a><\/p>\n","protected":false},"author":1,"featured_media":0,"parent":0,"menu_order":1,"comment_status":"closed","ping_status":"closed","template":"","meta":{"footnotes":""},"class_list":["post-17","page","type-page","status-publish","hentry"],"_links":{"self":[{"href":"https:\/\/www.havero.info\/f\/wp-json\/wp\/v2\/pages\/17","targetHints":{"allow":["GET"]}}],"collection":[{"href":"https:\/\/www.havero.info\/f\/wp-json\/wp\/v2\/pages"}],"about":[{"href":"https:\/\/www.havero.info\/f\/wp-json\/wp\/v2\/types\/page"}],"author":[{"embeddable":true,"href":"https:\/\/www.havero.info\/f\/wp-json\/wp\/v2\/users\/1"}],"replies":[{"embeddable":true,"href":"https:\/\/www.havero.info\/f\/wp-json\/wp\/v2\/comments?post=17"}],"version-history":[{"count":6,"href":"https:\/\/www.havero.info\/f\/wp-json\/wp\/v2\/pages\/17\/revisions"}],"predecessor-version":[{"id":183,"href":"https:\/\/www.havero.info\/f\/wp-json\/wp\/v2\/pages\/17\/revisions\/183"}],"wp:attachment":[{"href":"https:\/\/www.havero.info\/f\/wp-json\/wp\/v2\/media?parent=17"}],"curies":[{"name":"wp","href":"https:\/\/api.w.org\/{rel}","templated":true}]}}